{"id":241719,"date":"2023-07-25T00:36:12","date_gmt":"2023-07-25T00:36:12","guid":{"rendered":"https:\/\/ugel04.gob.pe\/home\/?page_id=241719"},"modified":"2023-07-28T01:38:38","modified_gmt":"2023-07-28T01:38:38","slug":"area-de-planificacion-y-presupuesto","status":"publish","type":"page","link":"https:\/\/ugel04.gob.pe\/home\/area-de-planificacion-y-presupuesto\/","title":{"rendered":"\u00c1rea de Planificaci\u00f3n y Presupuesto"},"content":{"rendered":"<p>[et_pb_section fb_built=\u00bb1&#8243; admin_label=\u00bbServices\u00bb _builder_version=\u00bb4.16&#8243; custom_padding=\u00bb54px|0px|0|0px|false|false\u00bb global_colors_info=\u00bb{}\u00bb][et_pb_row column_structure=\u00bb1_2,1_2&#8243; make_equal=\u00bbon\u00bb padding_top_bottom_link_1=\u00bbtrue\u00bb padding_left_right_link_1=\u00bbfalse\u00bb _builder_version=\u00bb4.21.0&#8243; background_color_gradient_direction=\u00bb90deg\u00bb custom_padding=\u00bb0|0px|0|0px|true|false\u00bb global_colors_info=\u00bb{}\u00bb][et_pb_column type=\u00bb1_2&#8243; _builder_version=\u00bb4.16&#8243; custom_padding=\u00bb60px||60px|\u00bb custom_padding_tablet=\u00bb0%||0%||true\u00bb custom_padding_phone=\u00bb0%||0%|\u00bb custom_padding_last_edited=\u00bboff|desktop\u00bb global_colors_info=\u00bb{}\u00bb padding_phone=\u00bb0%||0%|\u00bb padding_tablet=\u00bb0%||0%||true\u00bb padding_last_edited=\u00bboff|desktop\u00bb custom_padding__hover=\u00bb|||\u00bb][et_pb_text _builder_version=\u00bb4.21.0&#8243; text_font=\u00bb||||||||\u00bb text_font_size=\u00bb15px\u00bb text_line_height=\u00bb2em\u00bb ul_font=\u00bb|700|||||||\u00bb ul_line_height=\u00bb2em\u00bb ol_font=\u00bb||||||||\u00bb header_font=\u00bb||||||||\u00bb header_2_font=\u00bbUbuntu|700|||||||\u00bb header_2_font_size=\u00bb40px\u00bb header_2_line_height=\u00bb1.4em\u00bb header_3_font=\u00bb||||||||\u00bb header_4_font=\u00bb||||||||\u00bb header_5_font=\u00bb||||||||\u00bb header_6_font=\u00bb||||||||\u00bb hover_enabled=\u00bb0&#8243; header_2_font_size_tablet=\u00bb\u00bb header_2_font_size_phone=\u00bb24px\u00bb header_2_font_size_last_edited=\u00bbon|phone\u00bb global_colors_info=\u00bb{}\u00bb sticky_enabled=\u00bb0&#8243;]<\/p>\n<h2>\u00c1rea de Planificaci\u00f3n y Presupuesto<\/h2>\n<p>Tiene la responsabilidad de planificar, organizar, dirigir y evaluar los asuntos relacionados con la formaci\u00f3n de proyectos, planes estrat\u00e9gicos y presupuesto de la Unidad de Gesti\u00f3n Educativa Local N.\u00b0 04, as\u00ed como aspectos de gesti\u00f3n, fortalecimiento institucional, estad\u00edstico e infraestructura educativa.<\/p>\n<ul>\n<li><a href=\"https:\/\/www.ugel04.gob.pe\/Boletines\/BOLETIN_OFICIAL_EEM_2020.pdf\" target=\"_blank\" rel=\"noopener\">Boletin de Estad\u00edstica y Monitoreo 2020<\/a><\/li>\n<li><a href=\"https:\/\/www.ugel04.gob.pe\/Boletines\/BOLETIN_LOGROS_DE_APRENDIZAJE_2018.pdf\" target=\"_blank\" rel=\"noopener\">Bolet\u00edn de Logros de Aprendizaje 2018<\/a><\/li>\n<li><a href=\"https:\/\/www.ugel04.gob.pe\/Boletines\/20151223001.pdf\" target=\"_blank\" rel=\"noopener\">Bolet\u00edn Estad\u00edstico 2015<\/a><\/li>\n<li><a href=\"https:\/\/www.ugel04.gob.pe\/Boletines\/20161230201.pdf\" target=\"_blank\" rel=\"noopener\">Boletin Estad\u00edstico 2016<\/a><\/li>\n<li><a href=\"https:\/\/www.ugel04.gob.pe\/Boletines\/20180112001.pdf\" target=\"_blank\" rel=\"noopener\">Boletin Estad\u00edstico 2017<\/a><\/li>\n<\/ul>\n<p>[\/et_pb_text][\/et_pb_column][et_pb_column type=\u00bb1_2&#8243; _builder_version=\u00bb4.21.0&#8243; background_image=\u00bbhttps:\/\/ugel04.gob.pe\/home\/wp-content\/uploads\/2023\/07\/plani.jpg\u00bb custom_padding=\u00bb|||\u00bb global_colors_info=\u00bb{}\u00bb custom_padding__hover=\u00bb|||\u00bb][\/et_pb_column][\/et_pb_row][\/et_pb_section]<\/p>\n","protected":false},"excerpt":{"rendered":"<p>\u00c1rea de Planificaci\u00f3n y Presupuesto Tiene la responsabilidad de planificar, organizar, dirigir y evaluar los asuntos relacionados con la formaci\u00f3n de proyectos, planes estrat\u00e9gicos y presupuesto de la Unidad de [&hellip;]<\/p>\n","protected":false},"author":1,"featured_media":0,"parent":0,"menu_order":0,"comment_status":"closed","ping_status":"closed","template":"","meta":{"_et_pb_use_builder":"on","_et_pb_old_content":"","_et_gb_content_width":"","footnotes":""},"class_list":["post-241719","page","type-page","status-publish","hentry"],"_links":{"self":[{"href":"https:\/\/ugel04.gob.pe\/home\/wp-json\/wp\/v2\/pages\/241719","targetHints":{"allow":["GET"]}}],"collection":[{"href":"https:\/\/ugel04.gob.pe\/home\/wp-json\/wp\/v2\/pages"}],"about":[{"href":"https:\/\/ugel04.gob.pe\/home\/wp-json\/wp\/v2\/types\/page"}],"author":[{"embeddable":true,"href":"https:\/\/ugel04.gob.pe\/home\/wp-json\/wp\/v2\/users\/1"}],"replies":[{"embeddable":true,"href":"https:\/\/ugel04.gob.pe\/home\/wp-json\/wp\/v2\/comments?post=241719"}],"version-history":[{"count":5,"href":"https:\/\/ugel04.gob.pe\/home\/wp-json\/wp\/v2\/pages\/241719\/revisions"}],"predecessor-version":[{"id":242811,"href":"https:\/\/ugel04.gob.pe\/home\/wp-json\/wp\/v2\/pages\/241719\/revisions\/242811"}],"wp:attachment":[{"href":"https:\/\/ugel04.gob.pe\/home\/wp-json\/wp\/v2\/media?parent=241719"}],"curies":[{"name":"wp","href":"https:\/\/api.w.org\/{rel}","templated":true}]}}