{"id":241624,"date":"2023-07-24T18:38:43","date_gmt":"2023-07-24T18:38:43","guid":{"rendered":"https:\/\/ugel04.gob.pe\/home\/?page_id=241624"},"modified":"2023-08-09T15:21:00","modified_gmt":"2023-08-09T15:21:00","slug":"direccion","status":"publish","type":"page","link":"https:\/\/ugel04.gob.pe\/home\/direccion\/","title":{"rendered":"Direcci\u00f3n"},"content":{"rendered":"<p>[et_pb_section fb_built=\u00bb1&#8243; make_equal=\u00bbon\u00bb specialty=\u00bbon\u00bb background_color_1=\u00bb#393e56&#8243; background_color_2=\u00bb#ffffff\u00bb padding_top_1=\u00bb60px\u00bb padding_top_2=\u00bb120px\u00bb padding_right_2=\u00bb40px\u00bb padding_left_1=\u00bb30px\u00bb padding_left_2=\u00bb40px\u00bb padding_top_bottom_link_1=\u00bbfalse\u00bb padding_left_right_link_1=\u00bbfalse\u00bb padding_left_right_link_2=\u00bbtrue\u00bb padding_2_tablet=\u00bb0px|||\u00bb padding_2_phone=\u00bb40px|10px|40px|10px||true\u00bb padding_2_last_edited=\u00bbon|tablet\u00bb admin_label=\u00bbFeature\u00bb _builder_version=\u00bb4.16&#8243; background_size=\u00bbinitial\u00bb background_position=\u00bbbottom_center\u00bb custom_padding=\u00bb54px|0px|0|0px|false|false\u00bb global_colors_info=\u00bb{}\u00bb][et_pb_column type=\u00bb1_2&#8243; specialty_columns=\u00bb2&#8243; _builder_version=\u00bb4.16&#8243; background_color=\u00bb#393e56&#8243; custom_padding=\u00bb|||\u00bb global_colors_info=\u00bb{}\u00bb custom_padding__hover=\u00bb|||\u00bb][et_pb_row_inner _builder_version=\u00bb4.16&#8243; background_color=\u00bb#bbada1&#8243; custom_margin=\u00bb||120px|50px|false\u00bb custom_margin_tablet=\u00bb|||0px\u00bb custom_margin_phone=\u00bb\u00bb custom_margin_last_edited=\u00bbon|tablet\u00bb custom_padding=\u00bb80px|12%|80px|12%|true|true\u00bb animation_style=\u00bbslide\u00bb animation_direction=\u00bbleft\u00bb animation_intensity_slide=\u00bb5%\u00bb box_shadow_style=\u00bbpreset4&#8243; box_shadow_horizontal=\u00bb-30px\u00bb box_shadow_vertical=\u00bb30px\u00bb box_shadow_color=\u00bbrgba(187,173,161,0.38)\u00bb global_colors_info=\u00bb{}\u00bb][et_pb_column_inner saved_specialty_column_type=\u00bb1_2&#8243; _builder_version=\u00bb4.16&#8243; custom_padding=\u00bb|||\u00bb global_colors_info=\u00bb{}\u00bb custom_padding__hover=\u00bb|||\u00bb][et_pb_divider color=\u00bb#ffffff\u00bb divider_weight=\u00bb3px\u00bb _builder_version=\u00bb4.16&#8243; max_width=\u00bb60px\u00bb height=\u00bb3px\u00bb custom_margin=\u00bb||10px|\u00bb locked=\u00bboff\u00bb global_colors_info=\u00bb{}\u00bb][\/et_pb_divider][et_pb_text _builder_version=\u00bb4.21.0&#8243; text_font=\u00bb||||||||\u00bb text_font_size=\u00bb16px\u00bb text_line_height=\u00bb2em\u00bb header_font=\u00bb||||||||\u00bb header_2_font=\u00bbUbuntu|700|||||||\u00bb header_2_font_size=\u00bb42px\u00bb header_2_line_height=\u00bb1.4em\u00bb background_layout=\u00bbdark\u00bb custom_margin=\u00bb30%|||\u00bb header_2_font_size_tablet=\u00bb36px\u00bb header_2_font_size_phone=\u00bb\u00bb header_2_font_size_last_edited=\u00bbon|tablet\u00bb locked=\u00bboff\u00bb global_colors_info=\u00bb{}\u00bb]<\/p>\n<h2>Direcci\u00f3n<\/h2>\n<p style=\"text-align: justify;\">Es responsable de formular y contribuir con los lineamientos de la pol\u00edtica educativa local. Asimismo, asesora y asegura que las Instituciones Educativas tengan al inicio del a\u00f1o escolar su Proyecto Educativo Institucional (PEI), Reglamento Interno (RI) y el Informe Ejecutivo de Gesti\u00f3n Anual, Proyecto Curricular Institucional (PCI) y documentos de gesti\u00f3n respectivos.<\/p>\n<p>[\/et_pb_text][\/et_pb_column_inner][\/et_pb_row_inner][\/et_pb_column][et_pb_column type=\u00bb1_2&#8243; _builder_version=\u00bb4.16&#8243; background_color=\u00bb#ffffff\u00bb custom_padding=\u00bb|||\u00bb global_colors_info=\u00bb{}\u00bb padding_phone=\u00bb40px|10px|40px|10px||true\u00bb padding_tablet=\u00bb0px|||\u00bb padding_last_edited=\u00bbon|tablet\u00bb custom_padding__hover=\u00bb|||\u00bb][et_pb_text _builder_version=\u00bb4.21.0&#8243; text_font=\u00bb||||||||\u00bb text_font_size=\u00bb16px\u00bb text_line_height=\u00bb2em\u00bb header_font=\u00bb||||||||\u00bb header_3_font=\u00bbUbuntu|700|||||||\u00bb header_3_font_size=\u00bb36px\u00bb header_3_line_height=\u00bb1.4em\u00bb text_orientation=\u00bbcenter\u00bb header_3_font_size_tablet=\u00bb\u00bb header_3_font_size_phone=\u00bb24px\u00bb header_3_font_size_last_edited=\u00bbon|phone\u00bb locked=\u00bboff\u00bb global_colors_info=\u00bb{}\u00bb]<\/p>\n<h3>Director (a) de la UGEL N.\u00b0 04<\/h3>\n<p>[\/et_pb_text][et_pb_text _builder_version=\u00bb4.21.0&#8243; text_font=\u00bb||||||||\u00bb text_line_height=\u00bb2em\u00bb header_font=\u00bb||||||||\u00bb header_3_font=\u00bbUbuntu||||||||\u00bb header_3_font_size=\u00bb36px\u00bb header_3_line_height=\u00bb1.4em\u00bb custom_margin=\u00bb|||\u00bb custom_margin_tablet=\u00bb||60px|\u00bb custom_margin_phone=\u00bb\u00bb custom_margin_last_edited=\u00bbon|desktop\u00bb text_font_size_phone=\u00bb14px\u00bb text_font_size_last_edited=\u00bboff|desktop\u00bb header_3_font_size_tablet=\u00bb\u00bb header_3_font_size_phone=\u00bb24px\u00bb header_3_font_size_last_edited=\u00bbon|phone\u00bb locked=\u00bboff\u00bb global_colors_info=\u00bb{}\u00bb]<\/p>\n<p style=\"text-align: justify;\">La titular de la Unidad de Gesti\u00f3n Educativa Local N.\u00b0 04 es la funcionaria del m\u00e1s alto nivel jer\u00e1rquico en su \u00e1mbito, considerado personal de confianza, con autoridad y facultad para adoptar decisiones resolutivas y administrativas de acuerdo a Ley.<br \/>Entre sus principales funciones est\u00e1n:<br \/>a) Orientar y supervisar la aplicaci\u00f3n de la pol\u00edtica y normatividad, educativa e implementar el proceso de mejoramiento continuo de la calidad, equidad y democratizaci\u00f3n del servicio educativo.<br \/>b) Conducir la formulaci\u00f3n, ejecuci\u00f3n y evaluaci\u00f3n del proyecto educativo de la Unidad de Gesti\u00f3n Educativa y los planes operativos anuales, en coordinaci\u00f3n con el Consejo Participativo de educaci\u00f3n; asimismo, aprobar el proyecto educativo y los planes operativos anuales.<\/p>\n<p>[\/et_pb_text][\/et_pb_column][\/et_pb_section]<\/p>\n","protected":false},"excerpt":{"rendered":"<p>Direcci\u00f3n Es responsable de formular y contribuir con los lineamientos de la pol\u00edtica educativa local. Asimismo, asesora y asegura que las Instituciones Educativas tengan al inicio del a\u00f1o escolar su [&hellip;]<\/p>\n","protected":false},"author":1,"featured_media":0,"parent":0,"menu_order":0,"comment_status":"closed","ping_status":"closed","template":"","meta":{"_et_pb_use_builder":"on","_et_pb_old_content":"","_et_gb_content_width":"","footnotes":""},"class_list":["post-241624","page","type-page","status-publish","hentry"],"_links":{"self":[{"href":"https:\/\/ugel04.gob.pe\/home\/wp-json\/wp\/v2\/pages\/241624","targetHints":{"allow":["GET"]}}],"collection":[{"href":"https:\/\/ugel04.gob.pe\/home\/wp-json\/wp\/v2\/pages"}],"about":[{"href":"https:\/\/ugel04.gob.pe\/home\/wp-json\/wp\/v2\/types\/page"}],"author":[{"embeddable":true,"href":"https:\/\/ugel04.gob.pe\/home\/wp-json\/wp\/v2\/users\/1"}],"replies":[{"embeddable":true,"href":"https:\/\/ugel04.gob.pe\/home\/wp-json\/wp\/v2\/comments?post=241624"}],"version-history":[{"count":5,"href":"https:\/\/ugel04.gob.pe\/home\/wp-json\/wp\/v2\/pages\/241624\/revisions"}],"predecessor-version":[{"id":249340,"href":"https:\/\/ugel04.gob.pe\/home\/wp-json\/wp\/v2\/pages\/241624\/revisions\/249340"}],"wp:attachment":[{"href":"https:\/\/ugel04.gob.pe\/home\/wp-json\/wp\/v2\/media?parent=241624"}],"curies":[{"name":"wp","href":"https:\/\/api.w.org\/{rel}","templated":true}]}}